{"id":126,"date":"2023-09-09T20:52:41","date_gmt":"2023-09-09T20:52:41","guid":{"rendered":"https:\/\/senseparfum.com\/?post_type=product&#038;p=126"},"modified":"2023-09-09T20:53:18","modified_gmt":"2023-09-09T20:53:18","slug":"olaz-regenerist-whip-actief-hydraterende-dagcreme-spf30-50ml","status":"publish","type":"product","link":"https:\/\/senseparfum.com\/index.php\/product\/olaz-regenerist-whip-actief-hydraterende-dagcreme-spf30-50ml\/","title":{"rendered":"Olaz Regenerist Whip Actief Hydraterende Dagcreme SPF30-50ml"},"content":{"rendered":"","protected":false},"excerpt":{"rendered":"<div id=\"product_info_description\" class=\"data item content\" data-role=\"content\">\n<div class=\"product attribute\">\n<p>Olaz Regenerist Whip SPF30 Hydraterende Dagcr\u00e8me is een vederlichte hydraterende anti-verouderingscr\u00e8me voor effectieve versteviging en verminderde zichtbaarheid van rimpels. Het is een luchtige dagcr\u00e8me die vloeibaar wordt zodra je het op de huid aanbrengt. Deze transformatie in vloeistof maakt optimale absorptie van anti-verouderingsbestanddelen in de oppervlaktelagen van je huid mogelijk. Het is de perfecte dagcr\u00e8me voor een hele dag bescherming en een matte finish.<\/p>\n<\/div>\n<\/div>\n","protected":false},"featured_media":170,"comment_status":"closed","ping_status":"closed","template":"","meta":[],"product_cat":[17],"product_tag":[],"class_list":["post-126","product","type-product","status-publish","has-post-thumbnail","hentry","product_cat-huidverzorging","product_shipping_class-minder-dan-100-euro"],"_links":{"self":[{"href":"https:\/\/senseparfum.com\/index.php\/wp-json\/wp\/v2\/product\/126","targetHints":{"allow":["GET"]}}],"collection":[{"href":"https:\/\/senseparfum.com\/index.php\/wp-json\/wp\/v2\/product"}],"about":[{"href":"https:\/\/senseparfum.com\/index.php\/wp-json\/wp\/v2\/types\/product"}],"replies":[{"embeddable":true,"href":"https:\/\/senseparfum.com\/index.php\/wp-json\/wp\/v2\/comments?post=126"}],"wp:featuredmedia":[{"embeddable":true,"href":"https:\/\/senseparfum.com\/index.php\/wp-json\/wp\/v2\/media\/170"}],"wp:attachment":[{"href":"https:\/\/senseparfum.com\/index.php\/wp-json\/wp\/v2\/media?parent=126"}],"wp:term":[{"taxonomy":"product_cat","embeddable":true,"href":"https:\/\/senseparfum.com\/index.php\/wp-json\/wp\/v2\/product_cat?post=126"},{"taxonomy":"product_tag","embeddable":true,"href":"https:\/\/senseparfum.com\/index.php\/wp-json\/wp\/v2\/product_tag?post=126"}],"curies":[{"name":"wp","href":"https:\/\/api.w.org\/{rel}","templated":true}]}}